{"id":12,"date":"2024-06-01T10:01:58","date_gmt":"2024-06-01T10:01:58","guid":{"rendered":"https:\/\/creatology.io\/pt\/?page_id=12"},"modified":"2024-06-01T12:05:09","modified_gmt":"2024-06-01T12:05:09","slug":"politica-de-privacidade","status":"publish","type":"page","link":"https:\/\/creatology.io\/pt\/politica-de-privacidade\/","title":{"rendered":"Pol\u00edtica de privacidade"},"content":{"rendered":"<style>.kb-row-layout-wrap.wp-block-kadence-rowlayout.kb-row-layout-id12_865868-7b{margin-top:0px;margin-bottom:0px;}.kb-row-layout-id12_865868-7b > .kt-row-column-wrap{align-content:center;}:where(.kb-row-layout-id12_865868-7b > .kt-row-column-wrap) > .wp-block-kadence-column{justify-content:center;}.kb-row-layout-id12_865868-7b > .kt-row-column-wrap{column-gap:var(--global-kb-gap-none, 0rem );row-gap:var(--global-kb-gap-none, 0rem );max-width:var( --global-content-width, 1440px );padding-left:var(--global-content-edge-padding);padding-right:var(--global-content-edge-padding);padding-top:240px;grid-template-columns:minmax(0, 1fr);}.kb-row-layout-id12_865868-7b{background-image:radial-gradient(ellipse at center bottom,var(--global-palette4,#1b3149) 20%,var(--global-palette3,#000000) 100%);}.kb-row-layout-id12_865868-7b > .kt-row-layout-overlay{opacity:1;}.kb-row-layout-id12_865868-7b ,.kb-row-layout-id12_865868-7b h1,.kb-row-layout-id12_865868-7b h2,.kb-row-layout-id12_865868-7b h3,.kb-row-layout-id12_865868-7b h4,.kb-row-layout-id12_865868-7b h5,.kb-row-layout-id12_865868-7b h6{color:var(--global-palette9, #ffffff);}@media all and (max-width: 1024px){.kb-row-layout-id12_865868-7b > .kt-row-column-wrap{grid-template-columns:minmax(0, 1fr);}}@media all and (max-width: 767px){.kb-row-layout-id12_865868-7b > .kt-row-column-wrap{padding-top:140px;grid-template-columns:minmax(0, 1fr);}}<\/style><div class=\"kb-row-layout-wrap kb-row-layout-id12_865868-7b alignnone has-theme-palette3-background-color kt-row-has-bg wp-block-kadence-rowlayout\"><div class=\"kt-row-column-wrap kt-has-1-columns kt-row-layout-equal kt-tab-layout-row kt-mobile-layout-row kt-row-valign-middle kb-theme-content-width\">\n<style>.kadence-column12_9b19eb-cb > .kt-inside-inner-col{padding-bottom:var(--global-kb-spacing-xl, 4rem);}.kadence-column12_9b19eb-cb > .kt-inside-inner-col,.kadence-column12_9b19eb-cb > .kt-inside-inner-col:before{border-top-left-radius:0px;border-top-right-radius:0px;border-bottom-right-radius:0px;border-bottom-left-radius:0px;}.kadence-column12_9b19eb-cb > .kt-inside-inner-col{column-gap:var(--global-kb-gap-sm, 1rem);}.kadence-column12_9b19eb-cb > .kt-inside-inner-col{flex-direction:column;}.kadence-column12_9b19eb-cb > .kt-inside-inner-col > .aligncenter{width:100%;}.kadence-column12_9b19eb-cb > .kt-inside-inner-col:before{opacity:0.3;}.kadence-column12_9b19eb-cb{position:relative;}.kadence-column12_9b19eb-cb, .kt-inside-inner-col > .kadence-column12_9b19eb-cb:not(.specificity){margin-bottom:0px;}@media all and (max-width: 1024px){.kadence-column12_9b19eb-cb > .kt-inside-inner-col{flex-direction:column;justify-content:center;}}@media all and (max-width: 767px){.kadence-column12_9b19eb-cb > .kt-inside-inner-col{flex-direction:column;justify-content:center;}}<\/style>\n<div class=\"wp-block-kadence-column kadence-column12_9b19eb-cb\"><div class=\"kt-inside-inner-col\"><style>.wp-block-kadence-advancedheading.kt-adv-heading12_026c17-ae, .wp-block-kadence-advancedheading.kt-adv-heading12_026c17-ae[data-kb-block=\"kb-adv-heading12_026c17-ae\"]{max-width:50%;padding-top:0px;margin-top:0px;font-style:normal;}.wp-block-kadence-advancedheading.kt-adv-heading12_026c17-ae mark.kt-highlight, .wp-block-kadence-advancedheading.kt-adv-heading12_026c17-ae[data-kb-block=\"kb-adv-heading12_026c17-ae\"] mark.kt-highlight{font-style:normal;color:#f76a0c;-webkit-box-decoration-break:clone;box-decoration-break:clone;padding-top:0px;padding-right:0px;padding-bottom:0px;padding-left:0px;}.wp-block-kadence-advancedheading.kt-adv-heading12_026c17-ae img.kb-inline-image, .wp-block-kadence-advancedheading.kt-adv-heading12_026c17-ae[data-kb-block=\"kb-adv-heading12_026c17-ae\"] img.kb-inline-image{width:150px;vertical-align:baseline;}<\/style>\n<h1 class=\"kt-adv-heading12_026c17-ae intro-h2 wp-block-kadence-advancedheading has-theme-palette-9-color has-text-color\" data-kb-block=\"kb-adv-heading12_026c17-ae\">Pol\u00edtica de privacidade<\/h1>\n\n\n<style>.wp-block-kadence-advancedheading.kt-adv-heading12_aaa40f-9d, .wp-block-kadence-advancedheading.kt-adv-heading12_aaa40f-9d[data-kb-block=\"kb-adv-heading12_aaa40f-9d\"]{max-width:50%;font-style:normal;}.wp-block-kadence-advancedheading.kt-adv-heading12_aaa40f-9d mark.kt-highlight, .wp-block-kadence-advancedheading.kt-adv-heading12_aaa40f-9d[data-kb-block=\"kb-adv-heading12_aaa40f-9d\"] mark.kt-highlight{font-style:normal;color:#f76a0c;-webkit-box-decoration-break:clone;box-decoration-break:clone;padding-top:0px;padding-right:0px;padding-bottom:0px;padding-left:0px;}.wp-block-kadence-advancedheading.kt-adv-heading12_aaa40f-9d img.kb-inline-image, .wp-block-kadence-advancedheading.kt-adv-heading12_aaa40f-9d[data-kb-block=\"kb-adv-heading12_aaa40f-9d\"] img.kb-inline-image{width:150px;vertical-align:baseline;}<\/style>\n<p class=\"kt-adv-heading12_aaa40f-9d creatology-subtitle wp-block-kadence-advancedheading has-theme-palette-8-color has-text-color\" data-kb-block=\"kb-adv-heading12_aaa40f-9d\">Esta pol\u00edtica de privacidade define como a Creatology usa e protege qualquer informa\u00e7\u00e3o que voc\u00ea fornece quando usa este site.<\/p>\n<\/div><\/div>\n\n\n<style>.kadence-column12_480f45-9c > .kt-inside-inner-col,.kadence-column12_480f45-9c > .kt-inside-inner-col:before{border-top-left-radius:0px;border-top-right-radius:0px;border-bottom-right-radius:0px;border-bottom-left-radius:0px;}.kadence-column12_480f45-9c > .kt-inside-inner-col{column-gap:var(--global-kb-gap-sm, 1rem);}.kadence-column12_480f45-9c > .kt-inside-inner-col{flex-direction:column;}.kadence-column12_480f45-9c > .kt-inside-inner-col > .aligncenter{width:100%;}.kadence-column12_480f45-9c > .kt-inside-inner-col:before{opacity:0.3;}.kadence-column12_480f45-9c{position:relative;}@media all and (max-width: 1024px){.kadence-column12_480f45-9c > .kt-inside-inner-col{flex-direction:column;justify-content:center;}}@media all and (max-width: 767px){.kadence-column12_480f45-9c > .kt-inside-inner-col{flex-direction:column;justify-content:center;}}<\/style>\n<div class=\"wp-block-kadence-column kadence-column12_480f45-9c\"><div class=\"kt-inside-inner-col\"><\/div><\/div>\n\n<\/div><\/div>\n\n<style>.kb-row-layout-id12_0cc9dd-53 > .kt-row-column-wrap{align-content:start;}:where(.kb-row-layout-id12_0cc9dd-53 > .kt-row-column-wrap) > .wp-block-kadence-column{justify-content:start;}.kb-row-layout-id12_0cc9dd-53 > .kt-row-column-wrap{column-gap:var(--global-kb-gap-md, 2rem);row-gap:var(--global-kb-gap-md, 2rem);max-width:var( --global-content-width, 1440px );padding-left:var(--global-content-edge-padding);padding-right:var(--global-content-edge-padding);padding-top:var(--global-kb-spacing-xxl, 5rem);padding-bottom:var(--global-kb-spacing-4xl, 8rem);grid-template-columns:minmax(0, 1fr);}.kb-row-layout-id12_0cc9dd-53 > .kt-row-layout-overlay{opacity:0.30;}@media all and (max-width: 1024px){.kb-row-layout-id12_0cc9dd-53 > .kt-row-column-wrap{padding-top:var(--global-kb-spacing-3xl, 6.5rem);padding-bottom:var(--global-kb-spacing-3xl, 6.5rem);grid-template-columns:minmax(0, 1fr);}}@media all and (max-width: 767px){.kb-row-layout-id12_0cc9dd-53 > .kt-row-column-wrap{padding-bottom:var(--global-kb-spacing-xxl, 5rem);grid-template-columns:minmax(0, 1fr);}}<\/style><div class=\"kb-row-layout-wrap kb-row-layout-id12_0cc9dd-53 alignnone wp-block-kadence-rowlayout\"><div class=\"kt-row-column-wrap kt-has-1-columns kt-row-layout-equal kt-tab-layout-inherit kt-mobile-layout-row kt-row-valign-top kb-theme-content-width\">\n<style>.kadence-column12_35197d-67 > .kt-inside-inner-col,.kadence-column12_35197d-67 > .kt-inside-inner-col:before{border-top-left-radius:0px;border-top-right-radius:0px;border-bottom-right-radius:0px;border-bottom-left-radius:0px;}.kadence-column12_35197d-67 > .kt-inside-inner-col{column-gap:var(--global-kb-gap-sm, 1rem);}.kadence-column12_35197d-67 > .kt-inside-inner-col{flex-direction:column;}.kadence-column12_35197d-67 > .kt-inside-inner-col > .aligncenter{width:100%;}.kadence-column12_35197d-67 > .kt-inside-inner-col:before{opacity:0.3;}.kadence-column12_35197d-67{position:relative;}@media all and (max-width: 1024px){.kadence-column12_35197d-67 > .kt-inside-inner-col{flex-direction:column;justify-content:center;}}@media all and (max-width: 767px){.kadence-column12_35197d-67 > .kt-inside-inner-col{flex-direction:column;justify-content:center;}}<\/style>\n<div class=\"wp-block-kadence-column kadence-column12_35197d-67\"><div class=\"kt-inside-inner-col\">\n<p class=\"intro\">A Creatology est\u00e1 empenhada em garantir que a sua privacidade seja protegida. Caso solicitemos que voc\u00ea forne\u00e7a determinadas informa\u00e7\u00f5es pelas quais voc\u00ea possa ser identificado ao usar este site, voc\u00ea pode ter certeza de que elas ser\u00e3o usadas apenas de acordo com esta declara\u00e7\u00e3o de privacidade.<\/p>\n\n\n\n<h2 class=\"wp-block-heading\">1. Responsabilidade e Contacto pelos Dados Pessoais<\/h2>\n\n\n\n<p>A pol\u00edtica de privacidade da Creatology informa como usamos e cuidamos das informa\u00e7\u00f5es que voc\u00ea nos fornece quando usa nosso site. Garantimos que sua privacidade esteja segura. Se solicitarmos informa\u00e7\u00f5es de identifica\u00e7\u00e3o pessoal em nosso site, voc\u00ea pode ter certeza de que elas ser\u00e3o usadas apenas de acordo com nossa pol\u00edtica de privacidade.<\/p>\n\n\n\n<p>Voc\u00ea pode nos enviar um e-mail para info@creatology.io se precisar entrar em contato conosco.<\/p>\n\n\n\n<p>Nesta pol\u00edtica de privacidade, explicamos como processamos os dados pessoais dos visitantes do site e (pessoas de contacto dos) clientes. Tamb\u00e9m temos pol\u00edticas espec\u00edficas para cookies e para candidatos e colaboradores. Detalharemos nas se\u00e7\u00f5es por que processamos dados pessoais, que tipo de dados tratamos e sob que base legal. N\u00e3o retemos dados pessoais al\u00e9m do necess\u00e1rio para a finalidade original e temos pol\u00edticas de reten\u00e7\u00e3o em vigor.<\/p>\n\n\n\n<h3 class=\"wp-block-heading\">Uso do Site e Cookies<\/h3>\n\n\n\n<p>Quando voc\u00ea visita nosso site, pequenos arquivos de texto chamados cookies s\u00e3o armazenados em seu dispositivo, como computador ou telefone. Estes cookies s\u00e3o \u00fateis para operar, analisar e personalizar o site. Existem v\u00e1rios tipos de cookies que utilizamos:<\/p>\n\n\n\n<ul class=\"wp-block-list\">\n<li><strong>Funcionais:<\/strong> Estes cookies garantem que o nosso site funciona corretamente, por exemplo, permitindo respostas e garantindo um carregamento suave para que seja facilmente acess\u00edvel.<\/li>\n\n\n\n<li><strong>Analytics: <\/strong>Estes cookies permitem-nos ver como utiliza o nosso site, o que nos ajuda a melhor\u00e1-lo.<\/li>\n\n\n\n<li><strong>Rastreamento: <\/strong>Colocamos cookies de rastreamento para personalizar a publicidade que lhe mostramos, oferecendo-lhe ofertas mais relevantes.<\/li>\n\n\n\n<li><strong>Redes Sociais: <\/strong>Voc\u00ea pode compartilhar conte\u00fado do nosso site nas redes sociais usando cookies. Esses cookies reconhecem voc\u00ea para facilitar o processo de compartilhamento.<\/li>\n<\/ul>\n\n\n\n<h3 class=\"wp-block-heading\">Redes sociais<\/h3>\n\n\n\n<p>Se voc\u00ea nos seguir nas redes sociais ou interagir conosco atrav\u00e9s delas (atrav\u00e9s de mensagens diretas, pesquisas ou coment\u00e1rios), poderemos acessar alguns dados do seu perfil. Se voc\u00ea compartilhar informa\u00e7\u00f5es sobre a Criatologia nas redes sociais, esses dados poder\u00e3o ficar vis\u00edveis nessas plataformas. Tamb\u00e9m monitorizamos canais de redes sociais e podemos, portanto, ter acesso a dados sobre si. Por exemplo, podemos pedir-lhe que envie imagens de interesse jornal\u00edstico. Processamos dados pessoais, como o seu perfil nas redes sociais e mensagens privadas, para fins de atendimento ao cliente, para responder a d\u00favidas ou reclama\u00e7\u00f5es, ou para enviar newsletters, com base no seu consentimento.<\/p>\n\n\n\n<h3 class=\"wp-block-heading\">Compartilhamento de dados pessoais<\/h3>\n\n\n\n<p>Apenas funcion\u00e1rios autorizados t\u00eam acesso aos seus dados pessoais. Estabelecemos acordos s\u00f3lidos com todas as partes com quem colaboramos para garantir o tratamento cuidadoso dos seus dados pessoais. Os seus dados pessoais s\u00f3 ser\u00e3o armazenados ou processados \u200b\u200bpor n\u00f3s ou por terceiros fora do Espa\u00e7o Econ\u00f3mico Europeu (EEE) se tal estiver em conformidade com os regulamentos aplic\u00e1veis \u200b\u200b\u00e0 transfer\u00eancia de dados pessoais para pa\u00edses fora da Uni\u00e3o Europeia (UE).<\/p>\n\n\n\n<p>Isto significa que transferiremos os seus dados pessoais para pa\u00edses fora da UE apenas se a Comiss\u00e3o Europeia tiver determinado que esse pa\u00eds garante um n\u00edvel adequado de prote\u00e7\u00e3o ou se tiverem sido fornecidas salvaguardas adequadas, como uma decis\u00e3o de adequa\u00e7\u00e3o (por exemplo, a Pol\u00edtica de Privacidade da UE Shield -EUA) ou a utiliza\u00e7\u00e3o de cl\u00e1usulas padr\u00e3o de prote\u00e7\u00e3o de dados aprovadas pela Comiss\u00e3o Europeia sem modifica\u00e7\u00f5es. Essas cl\u00e1usulas padr\u00e3o de prote\u00e7\u00e3o de dados podem ser encontradas em <a previewlistener=\"true\" href=\"https:\/\/ec.europa.eu\/info\/law\/law-topic\/data-protection\/data-transfers-outside-eu\/model-contracts-transfer-personal-data-third-countries_en\" target=\"_blank\" rel=\"noopener\">Cl\u00e1usulas Contratuais Padr\u00e3o (CEC)<\/a>.<\/p>\n\n\n\n<h2 class=\"wp-block-heading\">4. Seguran\u00e7a<\/h2>\n\n\n\n<p>Na Creatology, levamos muito a s\u00e9rio a prote\u00e7\u00e3o dos seus dados pessoais e tomamos medidas adequadas para evitar o seu uso indevido, perda, acesso n\u00e3o autorizado, divulga\u00e7\u00e3o indesejada e modifica\u00e7\u00e3o n\u00e3o autorizada. Algumas de nossas medidas de seguran\u00e7a incluem:<\/p>\n\n\n\n<ul class=\"wp-block-list\">\n<li>Seguran\u00e7a com nome de usu\u00e1rio e senha.<\/li>\n\n\n\n<li>Autentica\u00e7\u00e3o de dois fatores.<\/li>\n\n\n\n<li>Processamento de acordos com nossos fornecedores.<\/li>\n\n\n\n<li>Funcion\u00e1rios sujeitos \u00e0 confidencialidade.<\/li>\n\n\n\n<li>Salas de servidores fechadas.<\/li>\n\n\n\n<li>Backups peri\u00f3dicos.<\/li>\n<\/ul>\n\n\n\n<h2 class=\"wp-block-heading\">5. Seus direitos<\/h2>\n\n\n\n<p>O Regulamento Geral de Prote\u00e7\u00e3o de Dados confere-lhe v\u00e1rios direitos que pode exercer:<\/p>\n\n\n\n<ul class=\"wp-block-list\">\n<li><strong>Retirada do Consentimento<\/strong>&nbsp;: Pode solicitar-nos a retirada do seu consentimento a qualquer momento, e deixaremos de tratar os seus dados pessoais, salvo se existirem outros motivos legais para o fazer.<\/li>\n\n\n\n<li><strong>Acesso<\/strong>&nbsp;: Voc\u00ea tem o direito de nos perguntar se estamos processando seus dados pessoais. Nesse caso, iremos inform\u00e1-lo sobre quais dados tratamos, com que finalidade, com quem os partilhamos e outros detalhes.<\/li>\n\n\n\n<li><strong>Corre\u00e7\u00e3o<\/strong>&nbsp;: Voc\u00ea pode solicitar que corrijamos ou completemos seus dados pessoais caso estejam incorretos ou incompletos.<\/li>\n\n\n\n<li><strong>Elimina\u00e7\u00e3o<\/strong>&nbsp;: Pode solicitar-nos a elimina\u00e7\u00e3o dos seus dados pessoais se estes j\u00e1 n\u00e3o forem relevantes, se retirar o seu consentimento, se opuser ao processamento com base em interesse leg\u00edtimo ou se o processamento for ilegal.<\/li>\n\n\n\n<li><strong>Restri\u00e7\u00e3o de Processamento<\/strong>&nbsp;: Voc\u00ea pode solicitar que restrinjamos o processamento de seus dados pessoais em determinadas circunst\u00e2ncias, ao verificar a exatid\u00e3o dos dados ou ao resolver uma obje\u00e7\u00e3o.<\/li>\n\n\n\n<li><strong>Obje\u00e7\u00e3o<\/strong>&nbsp;: Pode opor-se ao tratamento dos seus dados pessoais, especialmente em casos de marketing direto ou quando este se basear no interesse leg\u00edtimo da Creatologia.<\/li>\n\n\n\n<li><strong>Transfer\u00eancia de dados (portabilidade de dados)<\/strong>&nbsp;: Voc\u00ea pode solicitar que obtenhamos seus dados pessoais em um formato estruturado e leg\u00edvel por m\u00e1quina ou que os transfiramos para outra organiza\u00e7\u00e3o em determinadas circunst\u00e2ncias.<\/li>\n<\/ul>\n\n\n\n<p>Voc\u00ea pode exercer esses direitos entrando em contato conosco pelo e-mail info@creatology.io. Responderemos dentro de quatro semanas ap\u00f3s receber sua solicita\u00e7\u00e3o. Se considerar que a Creatologia est\u00e1 a violar os seus direitos de privacidade, poder\u00e1 apresentar uma reclama\u00e7\u00e3o junto da Autoridade Portuguesa de Prote\u00e7\u00e3o de Dados.<\/p>\n<\/div><\/div>\n\n<\/div><\/div>","protected":false},"excerpt":{"rendered":"<p>Pol\u00edtica de privacidade Esta pol\u00edtica de privacidade define como a Creatology usa e protege qualquer informa\u00e7\u00e3o que voc\u00ea fornece quando usa este site. A Creatology est\u00e1 empenhada em garantir que a sua privacidade seja protegida. Caso solicitemos que voc\u00ea forne\u00e7a determinadas informa\u00e7\u00f5es pelas quais voc\u00ea possa ser identificado ao usar este site, voc\u00ea pode ter&#8230;<\/p>\n","protected":false},"author":1,"featured_media":0,"parent":0,"menu_order":0,"comment_status":"closed","ping_status":"closed","template":"","meta":{"_surecart_dashboard_logo_width":"180px","_surecart_dashboard_show_logo":true,"_surecart_dashboard_navigation_orders":true,"_surecart_dashboard_navigation_invoices":true,"_surecart_dashboard_navigation_subscriptions":true,"_surecart_dashboard_navigation_downloads":true,"_surecart_dashboard_navigation_billing":true,"_surecart_dashboard_navigation_account":true,"_kad_blocks_custom_css":"","_kad_blocks_head_custom_js":"","_kad_blocks_body_custom_js":"","_kad_blocks_footer_custom_js":"","_kadence_starter_templates_imported_post":false,"_kad_post_transparent":"","_kad_post_title":"","_kad_post_layout":"","_kad_post_sidebar_id":"","_kad_post_content_style":"","_kad_post_vertical_padding":"","_kad_post_feature":"","_kad_post_feature_position":"","_kad_post_header":false,"_kad_post_footer":false,"_kad_post_classname":"","footnotes":""},"class_list":["post-12","page","type-page","status-publish","hentry"],"taxonomy_info":[],"featured_image_src_large":false,"author_info":{"display_name":"Zarik Ahuir","author_link":"https:\/\/creatology.io\/pt\/author\/creatology-io\/"},"comment_info":0,"_links":{"self":[{"href":"https:\/\/creatology.io\/pt\/wp-json\/wp\/v2\/pages\/12","targetHints":{"allow":["GET"]}}],"collection":[{"href":"https:\/\/creatology.io\/pt\/wp-json\/wp\/v2\/pages"}],"about":[{"href":"https:\/\/creatology.io\/pt\/wp-json\/wp\/v2\/types\/page"}],"author":[{"embeddable":true,"href":"https:\/\/creatology.io\/pt\/wp-json\/wp\/v2\/users\/1"}],"replies":[{"embeddable":true,"href":"https:\/\/creatology.io\/pt\/wp-json\/wp\/v2\/comments?post=12"}],"version-history":[{"count":2,"href":"https:\/\/creatology.io\/pt\/wp-json\/wp\/v2\/pages\/12\/revisions"}],"predecessor-version":[{"id":51,"href":"https:\/\/creatology.io\/pt\/wp-json\/wp\/v2\/pages\/12\/revisions\/51"}],"wp:attachment":[{"href":"https:\/\/creatology.io\/pt\/wp-json\/wp\/v2\/media?parent=12"}],"curies":[{"name":"wp","href":"https:\/\/api.w.org\/{rel}","templated":true}]}}