{"id":77,"date":"2023-10-06T23:51:53","date_gmt":"2023-10-06T21:51:53","guid":{"rendered":"https:\/\/creatology.io\/es\/?page_id=77"},"modified":"2024-06-01T12:07:13","modified_gmt":"2024-06-01T10:07:13","slug":"politica-de-privacidad","status":"publish","type":"page","link":"https:\/\/creatology.io\/es\/politica-de-privacidad\/","title":{"rendered":"Pol\u00edtica de Privacidad"},"content":{"rendered":"<style>.kb-row-layout-wrap.wp-block-kadence-rowlayout.kb-row-layout-id77_b7f7be-dc{margin-top:0px;margin-bottom:0px;}.kb-row-layout-id77_b7f7be-dc > .kt-row-column-wrap{align-content:center;}:where(.kb-row-layout-id77_b7f7be-dc > .kt-row-column-wrap) > .wp-block-kadence-column{justify-content:center;}.kb-row-layout-id77_b7f7be-dc > .kt-row-column-wrap{column-gap:var(--global-kb-gap-none, 0rem );row-gap:var(--global-kb-gap-none, 0rem );max-width:var( --global-content-width, 1440px );padding-left:var(--global-content-edge-padding);padding-right:var(--global-content-edge-padding);padding-top:240px;grid-template-columns:minmax(0, 1fr);}.kb-row-layout-id77_b7f7be-dc{background-image:radial-gradient(ellipse at center bottom,var(--global-palette4,#1b3149) 20%,var(--global-palette3,#000000) 100%);}.kb-row-layout-id77_b7f7be-dc > .kt-row-layout-overlay{opacity:1;}.kb-row-layout-id77_b7f7be-dc ,.kb-row-layout-id77_b7f7be-dc h1,.kb-row-layout-id77_b7f7be-dc h2,.kb-row-layout-id77_b7f7be-dc h3,.kb-row-layout-id77_b7f7be-dc h4,.kb-row-layout-id77_b7f7be-dc h5,.kb-row-layout-id77_b7f7be-dc h6{color:var(--global-palette9, #ffffff);}@media all and (max-width: 1024px){.kb-row-layout-id77_b7f7be-dc > .kt-row-column-wrap{grid-template-columns:minmax(0, 1fr);}}@media all and (max-width: 767px){.kb-row-layout-id77_b7f7be-dc > .kt-row-column-wrap{padding-top:140px;grid-template-columns:minmax(0, 1fr);}}<\/style><div class=\"kb-row-layout-wrap kb-row-layout-id77_b7f7be-dc alignnone has-theme-palette3-background-color kt-row-has-bg wp-block-kadence-rowlayout\"><div class=\"kt-row-column-wrap kt-has-1-columns kt-row-layout-equal kt-tab-layout-row kt-mobile-layout-row kt-row-valign-middle kb-theme-content-width\">\n<style>.kadence-column77_04ef8d-f1 > .kt-inside-inner-col{padding-bottom:var(--global-kb-spacing-xl, 4rem);}.kadence-column77_04ef8d-f1 > .kt-inside-inner-col,.kadence-column77_04ef8d-f1 > .kt-inside-inner-col:before{border-top-left-radius:0px;border-top-right-radius:0px;border-bottom-right-radius:0px;border-bottom-left-radius:0px;}.kadence-column77_04ef8d-f1 > .kt-inside-inner-col{column-gap:var(--global-kb-gap-sm, 1rem);}.kadence-column77_04ef8d-f1 > .kt-inside-inner-col{flex-direction:column;}.kadence-column77_04ef8d-f1 > .kt-inside-inner-col > .aligncenter{width:100%;}.kadence-column77_04ef8d-f1 > .kt-inside-inner-col:before{opacity:0.3;}.kadence-column77_04ef8d-f1{position:relative;}.kadence-column77_04ef8d-f1, .kt-inside-inner-col > .kadence-column77_04ef8d-f1:not(.specificity){margin-bottom:0px;}@media all and (max-width: 1024px){.kadence-column77_04ef8d-f1 > .kt-inside-inner-col{flex-direction:column;justify-content:center;}}@media all and (max-width: 767px){.kadence-column77_04ef8d-f1 > .kt-inside-inner-col{flex-direction:column;justify-content:center;}}<\/style>\n<div class=\"wp-block-kadence-column kadence-column77_04ef8d-f1\"><div class=\"kt-inside-inner-col\"><style>.wp-block-kadence-advancedheading.kt-adv-heading77_2f38c7-48, .wp-block-kadence-advancedheading.kt-adv-heading77_2f38c7-48[data-kb-block=\"kb-adv-heading77_2f38c7-48\"]{max-width:50%;padding-top:0px;margin-top:0px;font-style:normal;}.wp-block-kadence-advancedheading.kt-adv-heading77_2f38c7-48 mark.kt-highlight, .wp-block-kadence-advancedheading.kt-adv-heading77_2f38c7-48[data-kb-block=\"kb-adv-heading77_2f38c7-48\"] mark.kt-highlight{font-style:normal;color:#f76a0c;-webkit-box-decoration-break:clone;box-decoration-break:clone;padding-top:0px;padding-right:0px;padding-bottom:0px;padding-left:0px;}.wp-block-kadence-advancedheading.kt-adv-heading77_2f38c7-48 img.kb-inline-image, .wp-block-kadence-advancedheading.kt-adv-heading77_2f38c7-48[data-kb-block=\"kb-adv-heading77_2f38c7-48\"] img.kb-inline-image{width:150px;vertical-align:baseline;}<\/style>\n<h1 class=\"kt-adv-heading77_2f38c7-48 wp-block-kadence-advancedheading has-theme-palette-9-color has-text-color\" data-kb-block=\"kb-adv-heading77_2f38c7-48\">Pol\u00edtica de privacidad<\/h1>\n\n\n<style>.wp-block-kadence-advancedheading.kt-adv-heading77_03b03e-e4, .wp-block-kadence-advancedheading.kt-adv-heading77_03b03e-e4[data-kb-block=\"kb-adv-heading77_03b03e-e4\"]{max-width:50%;font-style:normal;}.wp-block-kadence-advancedheading.kt-adv-heading77_03b03e-e4 mark.kt-highlight, .wp-block-kadence-advancedheading.kt-adv-heading77_03b03e-e4[data-kb-block=\"kb-adv-heading77_03b03e-e4\"] mark.kt-highlight{font-style:normal;color:#f76a0c;-webkit-box-decoration-break:clone;box-decoration-break:clone;padding-top:0px;padding-right:0px;padding-bottom:0px;padding-left:0px;}.wp-block-kadence-advancedheading.kt-adv-heading77_03b03e-e4 img.kb-inline-image, .wp-block-kadence-advancedheading.kt-adv-heading77_03b03e-e4[data-kb-block=\"kb-adv-heading77_03b03e-e4\"] img.kb-inline-image{width:150px;vertical-align:baseline;}<\/style>\n<p class=\"kt-adv-heading77_03b03e-e4 creatology-subtitle wp-block-kadence-advancedheading has-theme-palette-8-color has-text-color\" data-kb-block=\"kb-adv-heading77_03b03e-e4\">Esta pol\u00edtica de privacidad establece c\u00f3mo Creatology utiliza y protege cualquier informaci\u00f3n que proporcione cuando utiliza este sitio web.<\/p>\n<\/div><\/div>\n\n\n<style>.kadence-column77_29f39c-86 > .kt-inside-inner-col,.kadence-column77_29f39c-86 > .kt-inside-inner-col:before{border-top-left-radius:0px;border-top-right-radius:0px;border-bottom-right-radius:0px;border-bottom-left-radius:0px;}.kadence-column77_29f39c-86 > .kt-inside-inner-col{column-gap:var(--global-kb-gap-sm, 1rem);}.kadence-column77_29f39c-86 > .kt-inside-inner-col{flex-direction:column;}.kadence-column77_29f39c-86 > .kt-inside-inner-col > .aligncenter{width:100%;}.kadence-column77_29f39c-86 > .kt-inside-inner-col:before{opacity:0.3;}.kadence-column77_29f39c-86{position:relative;}@media all and (max-width: 1024px){.kadence-column77_29f39c-86 > .kt-inside-inner-col{flex-direction:column;justify-content:center;}}@media all and (max-width: 767px){.kadence-column77_29f39c-86 > .kt-inside-inner-col{flex-direction:column;justify-content:center;}}<\/style>\n<div class=\"wp-block-kadence-column kadence-column77_29f39c-86\"><div class=\"kt-inside-inner-col\"><\/div><\/div>\n\n<\/div><\/div>\n\n<style>.kb-row-layout-id77_0f5459-5f > .kt-row-column-wrap{align-content:start;}:where(.kb-row-layout-id77_0f5459-5f > .kt-row-column-wrap) > .wp-block-kadence-column{justify-content:start;}.kb-row-layout-id77_0f5459-5f > .kt-row-column-wrap{column-gap:var(--global-kb-gap-md, 2rem);row-gap:var(--global-kb-gap-md, 2rem);max-width:var( --global-content-width, 1440px );padding-left:var(--global-content-edge-padding);padding-right:var(--global-content-edge-padding);padding-top:var(--global-kb-spacing-xxl, 5rem);padding-bottom:var(--global-kb-spacing-xxl, 5rem);grid-template-columns:minmax(0, 1fr);}.kb-row-layout-id77_0f5459-5f > .kt-row-layout-overlay{opacity:0.30;}@media all and (max-width: 1024px){.kb-row-layout-id77_0f5459-5f > .kt-row-column-wrap{grid-template-columns:minmax(0, 1fr);}}@media all and (max-width: 767px){.kb-row-layout-id77_0f5459-5f > .kt-row-column-wrap{grid-template-columns:minmax(0, 1fr);}}<\/style><div class=\"kb-row-layout-wrap kb-row-layout-id77_0f5459-5f alignnone wp-block-kadence-rowlayout\"><div class=\"kt-row-column-wrap kt-has-1-columns kt-row-layout-equal kt-tab-layout-inherit kt-mobile-layout-row kt-row-valign-top kb-theme-content-width\">\n<style>.kadence-column77_7165f7-13 > .kt-inside-inner-col,.kadence-column77_7165f7-13 > .kt-inside-inner-col:before{border-top-left-radius:0px;border-top-right-radius:0px;border-bottom-right-radius:0px;border-bottom-left-radius:0px;}.kadence-column77_7165f7-13 > .kt-inside-inner-col{column-gap:var(--global-kb-gap-sm, 1rem);}.kadence-column77_7165f7-13 > .kt-inside-inner-col{flex-direction:column;}.kadence-column77_7165f7-13 > .kt-inside-inner-col > .aligncenter{width:100%;}.kadence-column77_7165f7-13 > .kt-inside-inner-col:before{opacity:0.3;}.kadence-column77_7165f7-13{position:relative;}@media all and (max-width: 1024px){.kadence-column77_7165f7-13 > .kt-inside-inner-col{flex-direction:column;justify-content:center;}}@media all and (max-width: 767px){.kadence-column77_7165f7-13 > .kt-inside-inner-col{flex-direction:column;justify-content:center;}}<\/style>\n<div class=\"wp-block-kadence-column kadence-column77_7165f7-13\"><div class=\"kt-inside-inner-col\">\n<p class=\"intro\">Creatology se compromete a garantizar que tu privacidad est\u00e9 protegida. Si te pedimos que proporciones cierta informaci\u00f3n que pueda identificarte cuando utilices este sitio web, puedes estar seguro de que solo se utilizar\u00e1 de acuerdo con esta declaraci\u00f3n de privacidad.<\/p>\n\n\n\n<h2 class=\"wp-block-heading\">1. Responsabilidad y Contacto para Datos Personales<\/h2>\n\n\n\n<p>La pol\u00edtica de privacidad de Creatology te dice c\u00f3mo usamos y cuidamos la informaci\u00f3n que nos das cuando usas nuestro sitio web. Nos aseguramos de que tu privacidad est\u00e9 segura. Si te pedimos informaci\u00f3n que pueda identificarte en nuestro sitio web, puedes estar tranquilo de que se usar\u00e1 solo seg\u00fan nuestra pol\u00edtica de privacidad.<\/p>\n\n\n\n<p>Puedes enviarnos un correo electr\u00f3nico a info@creatology.io si necesitas contactarnos.<\/p>\n\n\n\n<h2 class=\"wp-block-heading\">2. Procesamiento de Datos Personales<\/h2>\n\n\n\n<p>En esta pol\u00edtica de privacidad, explicamos c\u00f3mo procesamos los datos personales de visitantes al sitio web y (personas de contacto de) clientes. Tambi\u00e9n tenemos pol\u00edticas espec\u00edficas para cookies y para candidatos y empleados. Detallaremos por secciones por qu\u00e9 procesamos datos personales, qu\u00e9 tipo de datos manejamos y bajo qu\u00e9 base legal. No conservamos los datos personales m\u00e1s all\u00e1 de lo necesario para el prop\u00f3sito original y tenemos pol\u00edticas de retenci\u00f3n establecidas.<\/p>\n\n\n\n<h3 class=\"wp-block-heading\">Uso del Sitio Web y Cookies<\/h3>\n\n\n\n<p>Cuando visitas nuestro sitio web, se almacenan peque\u00f1os archivos de texto en tu dispositivo, como tu computadora o tel\u00e9fono, llamados cookies. Estas cookies son \u00fatiles para operar, analizar y personalizar el sitio web. Hay varios tipos de cookies que utilizamos:<\/p>\n\n\n\n<ul class=\"wp-block-list\">\n<li><strong>Funcionales<\/strong>: Estas cookies aseguran que nuestro sitio web funcione correctamente, por ejemplo, permitiendo respuestas y asegurando una carga suave para que sea f\u00e1cilmente accesible.<\/li>\n\n\n\n<li><strong>Anal\u00edticas<\/strong>: Estas cookies nos permiten ver c\u00f3mo utilizas nuestro sitio web, lo que nos ayuda a mejorarlo.<\/li>\n\n\n\n<li><strong>Seguimiento<\/strong>: Colocamos cookies de seguimiento para personalizar la publicidad que te mostramos, ofreci\u00e9ndote ofertas m\u00e1s relevantes.<\/li>\n\n\n\n<li><strong>Redes Sociales<\/strong>: Puedes compartir contenido de nuestro sitio web en redes sociales empleando cookies. Estas cookies te reconocen para facilitar el proceso de compartir.<\/li>\n<\/ul>\n\n\n\n<h3 class=\"wp-block-heading\">Redes Sociales<\/h3>\n\n\n\n<p>Si nos sigues en redes sociales o interact\u00faas con nosotros a trav\u00e9s de ellas (por mensajes directos, encuestas o comentarios), podr\u00edamos acceder a algunos de tus datos de perfil. Si compartes informaci\u00f3n sobre Creatology en redes sociales, estos datos podr\u00edan hacerse visibles en dichas plataformas. Tambi\u00e9n monitoreamos los canales de redes sociales y, por ende, podr\u00edamos acceder a datos sobre ti. Por ejemplo, podr\u00edamos solicitarte que env\u00edes im\u00e1genes de inter\u00e9s period\u00edstico. Procesamos datos personales como tu perfil de redes sociales y mensajes privados con fines de atenci\u00f3n al cliente, para responder preguntas o quejas, o para enviar boletines, bas\u00e1ndonos en tu consentimiento.<\/p>\n\n\n\n<h3 class=\"wp-block-heading\">Compartici\u00f3n de Datos Personales<\/h3>\n\n\n\n<p>Solo los empleados autorizados tienen acceso a tus datos personales. Establecemos acuerdos s\u00f3lidos con todas las partes con las que colaboramos para garantizar un manejo cuidadoso de tus datos personales. Tus datos personales solo se almacenar\u00e1n o procesar\u00e1n por nosotros o terceros fuera del Espacio Econ\u00f3mico Europeo (EEE) si esto cumple con las regulaciones aplicables para la transferencia de datos personales a pa\u00edses fuera de la Uni\u00f3n Europea (UE).<\/p>\n\n\n\n<p>Esto significa que transferiremos tus datos personales a pa\u00edses fuera de la UE solo si la Comisi\u00f3n Europea ha determinado que ese pa\u00eds garantiza un nivel adecuado de protecci\u00f3n o si se han proporcionado garant\u00edas adecuadas, como una decisi\u00f3n de adecuaci\u00f3n (por ejemplo, el Privacy Shield UE-EE. UU.) o el uso de cl\u00e1usulas est\u00e1ndar de protecci\u00f3n de datos aprobadas por la Comisi\u00f3n Europea sin modificaciones. Estas cl\u00e1usulas est\u00e1ndar de protecci\u00f3n de datos se pueden consultar en&nbsp;<a href=\"https:\/\/ec.europa.eu\/info\/law\/law-topic\/data-protection\/data-transfers-outside-eu\/model-contracts-transfer-personal-data-third-countries_en\" target=\"_blank\" rel=\"noreferrer noopener\">Standard Contractual Clauses (SCC)<\/a>.<\/p>\n\n\n\n<h2 class=\"wp-block-heading\">4. Seguridad<\/h2>\n\n\n\n<p>En Creatology, tomamos la protecci\u00f3n de tus datos personales muy seriamente y tomamos medidas adecuadas para evitar su uso indebido, p\u00e9rdida, acceso no autorizado, divulgaci\u00f3n no deseada y modificaci\u00f3n no autorizada. Algunas de nuestras medidas de seguridad incluyen:<\/p>\n\n\n\n<ul class=\"wp-block-list\">\n<li>Seguridad con nombre de usuario y contrase\u00f1a.<\/li>\n\n\n\n<li>Autenticaci\u00f3n de dos factores.<\/li>\n\n\n\n<li>Acuerdos de procesamiento con nuestros proveedores.<\/li>\n\n\n\n<li>Empleados sujetos a confidencialidad.<\/li>\n\n\n\n<li>Salas de servidores cerradas.<\/li>\n\n\n\n<li>Copias de seguridad peri\u00f3dicas.<\/li>\n<\/ul>\n\n\n\n<h2 class=\"wp-block-heading\">5. Tus Derechos<\/h2>\n\n\n\n<p>El Reglamento General de Protecci\u00f3n de Datos te otorga varios derechos que puedes ejercer:<\/p>\n\n\n\n<ul class=\"wp-block-list\">\n<li><strong>Retiro del Consentimiento<\/strong>: Puedes pedirnos que retiremos tu consentimiento en cualquier momento, y dejaremos de procesar tus datos personales, a menos que haya otras razones legales para hacerlo.<\/li>\n\n\n\n<li><strong>Acceso<\/strong>: Tienes derecho a preguntarnos si estamos procesando tus datos personales. En ese caso, te informaremos sobre qu\u00e9 datos procesamos, con qu\u00e9 prop\u00f3sito, con qui\u00e9nes los compartimos y otros detalles.<\/li>\n\n\n\n<li><strong>Correcci\u00f3n<\/strong>: Puedes solicitarnos que corrijamos o completemos tus datos personales si est\u00e1n incorrectos o incompletos.<\/li>\n\n\n\n<li><strong>Eliminaci\u00f3n<\/strong>: Puedes pedirnos que eliminemos tus datos personales si ya no son relevantes, si retiras tu consentimiento, te opones al procesamiento basado en un inter\u00e9s leg\u00edtimo, o si el procesamiento es ilegal.<\/li>\n\n\n\n<li><strong>Restricci\u00f3n del Procesamiento<\/strong>: Puedes pedirnos que restrinjamos el procesamiento de tus datos personales en ciertas circunstancias, mientras se verifica la exactitud de los datos o mientras se resuelve una objeci\u00f3n.<\/li>\n\n\n\n<li><strong>Objeci\u00f3n<\/strong>: Puedes oponerte al procesamiento de tus datos personales, especialmente en casos de marketing directo o cuando se basa en el inter\u00e9s leg\u00edtimo de Creatology.<\/li>\n\n\n\n<li><strong>Transferencia de Datos (Portabilidad de Datos)<\/strong>: Puedes solicitarnos que obtengamos tus datos personales en un formato estructurado y legible por m\u00e1quina o que los transfiramos a otra organizaci\u00f3n en ciertas circunstancias.<\/li>\n<\/ul>\n\n\n\n<p>Puedes ejercer estos derechos contact\u00e1ndonos en info@creatology.io. Responderemos en un plazo de cuatro semanas tras recibir tu solicitud. Si consideras que Creatology  est\u00e1 violando tus derechos de privacidad, puedes presentar una queja ante la Autoridad Portuguesa de Protecci\u00f3n de Datos.<\/p>\n<\/div><\/div>\n\n<\/div><\/div>","protected":false},"excerpt":{"rendered":"<p>Pol\u00edtica de privacidad Esta pol\u00edtica de privacidad establece c\u00f3mo Creatology utiliza y protege cualquier informaci\u00f3n que proporcione cuando utiliza este sitio web. Creatology se compromete a garantizar que tu privacidad est\u00e9 protegida. Si te pedimos que proporciones cierta informaci\u00f3n que pueda identificarte cuando utilices este sitio web, puedes estar seguro de que solo se utilizar\u00e1&#8230;<\/p>\n","protected":false},"author":1,"featured_media":0,"parent":0,"menu_order":0,"comment_status":"closed","ping_status":"closed","template":"","meta":{"_surecart_dashboard_logo_width":"180px","_surecart_dashboard_show_logo":true,"_surecart_dashboard_navigation_orders":true,"_surecart_dashboard_navigation_invoices":true,"_surecart_dashboard_navigation_subscriptions":true,"_surecart_dashboard_navigation_downloads":true,"_surecart_dashboard_navigation_billing":true,"_surecart_dashboard_navigation_account":true,"_kad_blocks_custom_css":"","_kad_blocks_head_custom_js":"","_kad_blocks_body_custom_js":"","_kad_blocks_footer_custom_js":"","_kadence_starter_templates_imported_post":false,"_kad_post_transparent":"enable","_kad_post_title":"default","_kad_post_layout":"default","_kad_post_sidebar_id":"","_kad_post_content_style":"","_kad_post_vertical_padding":"","_kad_post_feature":"","_kad_post_feature_position":"","_kad_post_header":false,"_kad_post_footer":false,"_kad_post_classname":"","footnotes":""},"class_list":["post-77","page","type-page","status-publish","hentry"],"taxonomy_info":[],"featured_image_src_large":false,"author_info":{"display_name":"Zarik Ahuir","author_link":"https:\/\/creatology.io\/es\/author\/creatology-io\/"},"comment_info":0,"_links":{"self":[{"href":"https:\/\/creatology.io\/es\/wp-json\/wp\/v2\/pages\/77","targetHints":{"allow":["GET"]}}],"collection":[{"href":"https:\/\/creatology.io\/es\/wp-json\/wp\/v2\/pages"}],"about":[{"href":"https:\/\/creatology.io\/es\/wp-json\/wp\/v2\/types\/page"}],"author":[{"embeddable":true,"href":"https:\/\/creatology.io\/es\/wp-json\/wp\/v2\/users\/1"}],"replies":[{"embeddable":true,"href":"https:\/\/creatology.io\/es\/wp-json\/wp\/v2\/comments?post=77"}],"version-history":[{"count":20,"href":"https:\/\/creatology.io\/es\/wp-json\/wp\/v2\/pages\/77\/revisions"}],"predecessor-version":[{"id":1919,"href":"https:\/\/creatology.io\/es\/wp-json\/wp\/v2\/pages\/77\/revisions\/1919"}],"wp:attachment":[{"href":"https:\/\/creatology.io\/es\/wp-json\/wp\/v2\/media?parent=77"}],"curies":[{"name":"wp","href":"https:\/\/api.w.org\/{rel}","templated":true}]}}